{"id":114,"date":"2015-02-13T14:44:41","date_gmt":"2015-02-13T14:44:41","guid":{"rendered":"https:\/\/optmix.efno.fr\/?page_id=114"},"modified":"2019-09-09T08:36:34","modified_gmt":"2019-09-09T08:36:34","slug":"localisation","status":"publish","type":"page","link":"https:\/\/optmix.efno.fr\/?page_id=114","title":{"rendered":"Localisation"},"content":{"rendered":"<p>Le dispositif est situ\u00e9 en for\u00eat domaniale d\u2019Orl\u00e9ans (47\u00b049\u2019 N, 2\u00b029\u2019 E) \u00e0 115 km au sud de Paris.<\/p>\n<p><iframe loading=\"lazy\" src=\"https:\/\/www.google.com\/maps\/d\/embed?mid=1RalOsNDbQF9UxoiLoOkAy970Su-f7dey\" width=\"640\" height=\"480\"><\/iframe><\/p>\n<div id=\"attachment_695\" style=\"width: 300px\" class=\"wp-caption aligncenter\"><a href=\"https:\/\/optmix.efno.fr\/wp-content\/uploads\/2015\/06\/localisation_sans_numero_11_06_2015_small.jpg\"><img aria-describedby=\"caption-attachment-695\" decoding=\"async\" loading=\"lazy\" class=\"size-medium wp-image-695\" src=\"https:\/\/optmix.efno.fr\/wp-content\/uploads\/2015\/06\/localisation_sans_numero_11_06_2015_small-300x194.jpg\" alt=\"Localisation des parcelles s\u00e9lectionn\u00e9es en For\u00eat Domaniale d\u2019Orl\u00e9ans\" width=\"300\" height=\"194\" srcset=\"https:\/\/optmix.efno.fr\/wp-content\/uploads\/2015\/06\/localisation_sans_numero_11_06_2015_small-300x194.jpg 300w, https:\/\/optmix.efno.fr\/wp-content\/uploads\/2015\/06\/localisation_sans_numero_11_06_2015_small.jpg 900w\" sizes=\"(max-width: 300px) 100vw, 300px\" \/><\/a><p id=\"caption-attachment-695\" class=\"wp-caption-text\">Localisation des parcelles s\u00e9lectionn\u00e9es en For\u00eat Domaniale d\u2019Orl\u00e9ans<\/p><\/div>\n","protected":false},"excerpt":{"rendered":"<p>Le dispositif est situ\u00e9 en for\u00eat domaniale d\u2019Orl\u00e9ans (47\u00b049\u2019 N, 2\u00b029\u2019 E) \u00e0 115 km au sud de Paris.<\/p>\n","protected":false},"author":2,"featured_media":0,"parent":66,"menu_order":1,"comment_status":"closed","ping_status":"closed","template":"","meta":{"_mi_skip_tracking":false,"_exactmetrics_sitenote_active":false,"_exactmetrics_sitenote_note":"","_exactmetrics_sitenote_category":0,"footnotes":"","_mc_calendar":[]},"_links":{"self":[{"href":"https:\/\/optmix.efno.fr\/index.php?rest_route=\/wp\/v2\/pages\/114"}],"collection":[{"href":"https:\/\/optmix.efno.fr\/index.php?rest_route=\/wp\/v2\/pages"}],"about":[{"href":"https:\/\/optmix.efno.fr\/index.php?rest_route=\/wp\/v2\/types\/page"}],"author":[{"embeddable":true,"href":"https:\/\/optmix.efno.fr\/index.php?rest_route=\/wp\/v2\/users\/2"}],"replies":[{"embeddable":true,"href":"https:\/\/optmix.efno.fr\/index.php?rest_route=%2Fwp%2Fv2%2Fcomments&post=114"}],"version-history":[{"count":26,"href":"https:\/\/optmix.efno.fr\/index.php?rest_route=\/wp\/v2\/pages\/114\/revisions"}],"predecessor-version":[{"id":2512,"href":"https:\/\/optmix.efno.fr\/index.php?rest_route=\/wp\/v2\/pages\/114\/revisions\/2512"}],"up":[{"embeddable":true,"href":"https:\/\/optmix.efno.fr\/index.php?rest_route=\/wp\/v2\/pages\/66"}],"wp:attachment":[{"href":"https:\/\/optmix.efno.fr\/index.php?rest_route=%2Fwp%2Fv2%2Fmedia&parent=114"}],"curies":[{"name":"wp","href":"https:\/\/api.w.org\/{rel}","templated":true}]}}