{"id":1652,"date":"2017-10-05T09:29:57","date_gmt":"2017-10-05T09:29:57","guid":{"rendered":"https:\/\/optmix.efno.fr\/?page_id=1652"},"modified":"2022-01-12T10:47:23","modified_gmt":"2022-01-12T10:47:23","slug":"optmix-en-bref","status":"publish","type":"page","link":"https:\/\/optmix.efno.fr\/?page_id=1652","title":{"rendered":"OPTMix en bref"},"content":{"rendered":"<p>OPTMix vise \u00e0 am\u00e9liorer les connaissances sur le fonctionnement des for\u00eats m\u00e9lang\u00e9es en r\u00e9gion temp\u00e9r\u00e9e avec des applications directes \u00e0 la gestion foresti\u00e8re en particulier dans le cadre des changements climatiques.<\/p>\n<ul>\n<li>Trois facteurs sont control\u00e9s : la composition du peuplement, la densit\u00e9 du peuplement et la pr\u00e9sence des herbivores ;<\/li>\n<li>le site est \u00e9quip\u00e9 de nombreux capteurs ;<\/li>\n<li>plusieurs services \u00e9cosyst\u00e9miques y sont \u00e9tudi\u00e9s (e. g. : production de bois, biodiversit\u00e9) ;<\/li>\n<li>plusieurs approches scientifiques sont combin\u00e9es : descriptive, \u00e9cophysiologique et fonctionnelle, mod\u00e8les bas\u00e9s sur les processus et mod\u00e8les bas\u00e9s sur les observations ;<\/li>\n<li>Trois r\u00e9p\u00e9titions pour une surface totale de 40 ha dans la m\u00eame for\u00eat (47\u00b046\u2019 &#8211; 47\u00b055\u2019 N, 2\u00b017\u2019 \u2013 2\u00b035\u2019 E) ;<\/li>\n<li>Le site est install\u00e9 dans une for\u00eat temp\u00e9r\u00e9e de plaine, avec du ch\u00eane sessile et du pin sylvestre, deux esp\u00e8ces importantes par leur surface couverte et par l&rsquo;utilisation de leur bois ;<\/li>\n<li>le m\u00e9lange ch\u00eane sessile &#8211; pin sylvestre est un des m\u00e9langes les plus r\u00e9pandus en France concernant les m\u00e9langes feuillus &#8211; r\u00e9sineux, et ces deux esp\u00e8ces ont des traits contrast\u00e9s ;<\/li>\n<li>OPTMix est un dispositif de suivi \u00e0 long-terme ;<\/li>\n<li>A proximit\u00e9 (20 \u00e0 50 km) INRAE dispose d&rsquo;une p\u00e9pini\u00e8re exp\u00e9rimentale, de serres et d&rsquo;un laboratoire.<\/li>\n<\/ul>\n","protected":false},"excerpt":{"rendered":"<p>OPTMix vise \u00e0 am\u00e9liorer les connaissances sur le fonctionnement des for\u00eats m\u00e9lang\u00e9es en r\u00e9gion temp\u00e9r\u00e9e avec des applications directes \u00e0 la gestion foresti\u00e8re en particulier dans le cadre des changements climatiques. Trois facteurs sont control\u00e9s : la composition du peuplement, la densit\u00e9 du peuplement et la pr\u00e9sence des herbivores ; le site est \u00e9quip\u00e9 de &hellip; <\/p>\n<p><a class=\"more-link btn\" href=\"https:\/\/optmix.efno.fr\/?page_id=1652\">Lire la suite<\/a><\/p>\n","protected":false},"author":2,"featured_media":0,"parent":66,"menu_order":0,"comment_status":"closed","ping_status":"closed","template":"","meta":{"_mi_skip_tracking":false,"_exactmetrics_sitenote_active":false,"_exactmetrics_sitenote_note":"","_exactmetrics_sitenote_category":0,"footnotes":"","_mc_calendar":[]},"_links":{"self":[{"href":"https:\/\/optmix.efno.fr\/index.php?rest_route=\/wp\/v2\/pages\/1652"}],"collection":[{"href":"https:\/\/optmix.efno.fr\/index.php?rest_route=\/wp\/v2\/pages"}],"about":[{"href":"https:\/\/optmix.efno.fr\/index.php?rest_route=\/wp\/v2\/types\/page"}],"author":[{"embeddable":true,"href":"https:\/\/optmix.efno.fr\/index.php?rest_route=\/wp\/v2\/users\/2"}],"replies":[{"embeddable":true,"href":"https:\/\/optmix.efno.fr\/index.php?rest_route=%2Fwp%2Fv2%2Fcomments&post=1652"}],"version-history":[{"count":4,"href":"https:\/\/optmix.efno.fr\/index.php?rest_route=\/wp\/v2\/pages\/1652\/revisions"}],"predecessor-version":[{"id":3029,"href":"https:\/\/optmix.efno.fr\/index.php?rest_route=\/wp\/v2\/pages\/1652\/revisions\/3029"}],"up":[{"embeddable":true,"href":"https:\/\/optmix.efno.fr\/index.php?rest_route=\/wp\/v2\/pages\/66"}],"wp:attachment":[{"href":"https:\/\/optmix.efno.fr\/index.php?rest_route=%2Fwp%2Fv2%2Fmedia&parent=1652"}],"curies":[{"name":"wp","href":"https:\/\/api.w.org\/{rel}","templated":true}]}}