{"id":1935,"date":"2018-07-16T12:24:37","date_gmt":"2018-07-16T12:24:37","guid":{"rendered":"https:\/\/optmix.efno.fr\/?page_id=1935"},"modified":"2022-01-10T14:09:40","modified_gmt":"2022-01-10T14:09:40","slug":"reseaux-associes","status":"publish","type":"page","link":"https:\/\/optmix.efno.fr\/?page_id=1935","title":{"rendered":"R\u00e9seaux associ\u00e9s"},"content":{"rendered":"<p>OPTMix a int\u00e9gr\u00e9 plusieurs r\u00e9seaux scientifiques :<br \/>\n&#8211; <a href=\"https:\/\/www6.inra.fr\/giscoop\" target=\"_blank\" rel=\"noopener\">GIS COOP<\/a>, groupe For\u00eats H\u00e9t\u00e9rog\u00e8nes depuis 2015 ;<br \/>\n&#8211; <a href=\"http:\/\/www.gip-ecofor.org\/f-ore-t\/\" target=\"_blank\" rel=\"noopener\">SOERE F-ORE-T<\/a> depuis 2016 ;<br \/>\n&#8211; <a href=\"https:\/\/www.anaee-france.fr\/\" target=\"_blank\" rel=\"noopener\">AnaEE France<\/a> depuis 2017.<br \/>\nDe plus, OPMix est candidat \u00e0 l\u2019int\u00e9gration d\u2019AnaEE Europe (r\u00e9seau europ\u00e9en en court de construction).<\/p>\n<p><img decoding=\"async\" loading=\"lazy\" class=\"alignnone size-medium wp-image-1951\" src=\"https:\/\/optmix.efno.fr\/wp-content\/uploads\/2018\/07\/Logo_GIS_Coop-300x82.png\" alt=\"\" width=\"300\" height=\"82\" srcset=\"https:\/\/optmix.efno.fr\/wp-content\/uploads\/2018\/07\/Logo_GIS_Coop-300x82.png 300w, https:\/\/optmix.efno.fr\/wp-content\/uploads\/2018\/07\/Logo_GIS_Coop-768x211.png 768w, https:\/\/optmix.efno.fr\/wp-content\/uploads\/2018\/07\/Logo_GIS_Coop.png 1022w\" sizes=\"(max-width: 300px) 100vw, 300px\" \/><img decoding=\"async\" loading=\"lazy\" class=\"alignnone size-medium wp-image-1952\" src=\"https:\/\/optmix.efno.fr\/wp-content\/uploads\/2018\/07\/logo-AnaEE-france-300x132.png\" alt=\"\" width=\"300\" height=\"132\" srcset=\"https:\/\/optmix.efno.fr\/wp-content\/uploads\/2018\/07\/logo-AnaEE-france-300x132.png 300w, https:\/\/optmix.efno.fr\/wp-content\/uploads\/2018\/07\/logo-AnaEE-france-768x337.png 768w, https:\/\/optmix.efno.fr\/wp-content\/uploads\/2018\/07\/logo-AnaEE-france.png 924w\" sizes=\"(max-width: 300px) 100vw, 300px\" \/><\/p>\n","protected":false},"excerpt":{"rendered":"<p>OPTMix a int\u00e9gr\u00e9 plusieurs r\u00e9seaux scientifiques : &#8211; GIS COOP, groupe For\u00eats H\u00e9t\u00e9rog\u00e8nes depuis 2015 ; &#8211; SOERE F-ORE-T depuis 2016 ; &#8211; AnaEE France depuis 2017. De plus, OPMix est candidat \u00e0 l\u2019int\u00e9gration d\u2019AnaEE Europe (r\u00e9seau europ\u00e9en en court de construction).<\/p>\n","protected":false},"author":2,"featured_media":0,"parent":25,"menu_order":2,"comment_status":"closed","ping_status":"closed","template":"","meta":{"_mi_skip_tracking":false,"_exactmetrics_sitenote_active":false,"_exactmetrics_sitenote_note":"","_exactmetrics_sitenote_category":0,"footnotes":"","_mc_calendar":[]},"_links":{"self":[{"href":"https:\/\/optmix.efno.fr\/index.php?rest_route=\/wp\/v2\/pages\/1935"}],"collection":[{"href":"https:\/\/optmix.efno.fr\/index.php?rest_route=\/wp\/v2\/pages"}],"about":[{"href":"https:\/\/optmix.efno.fr\/index.php?rest_route=\/wp\/v2\/types\/page"}],"author":[{"embeddable":true,"href":"https:\/\/optmix.efno.fr\/index.php?rest_route=\/wp\/v2\/users\/2"}],"replies":[{"embeddable":true,"href":"https:\/\/optmix.efno.fr\/index.php?rest_route=%2Fwp%2Fv2%2Fcomments&post=1935"}],"version-history":[{"count":18,"href":"https:\/\/optmix.efno.fr\/index.php?rest_route=\/wp\/v2\/pages\/1935\/revisions"}],"predecessor-version":[{"id":1978,"href":"https:\/\/optmix.efno.fr\/index.php?rest_route=\/wp\/v2\/pages\/1935\/revisions\/1978"}],"up":[{"embeddable":true,"href":"https:\/\/optmix.efno.fr\/index.php?rest_route=\/wp\/v2\/pages\/25"}],"wp:attachment":[{"href":"https:\/\/optmix.efno.fr\/index.php?rest_route=%2Fwp%2Fv2%2Fmedia&parent=1935"}],"curies":[{"name":"wp","href":"https:\/\/api.w.org\/{rel}","templated":true}]}}