{"id":2056,"date":"2018-09-25T13:46:26","date_gmt":"2018-09-25T13:46:26","guid":{"rendered":"https:\/\/optmix.efno.fr\/?page_id=2056"},"modified":"2019-08-01T09:35:55","modified_gmt":"2019-08-01T09:35:55","slug":"materialisation-des-experimentations-sur-le-terrain","status":"publish","type":"page","link":"https:\/\/optmix.efno.fr\/?page_id=2056","title":{"rendered":"Mat\u00e9rialisation des exp\u00e9rimentations sur le terrain"},"content":{"rendered":"<p>Les limites des dispositifs et des placettes sont mat\u00e9rialis\u00e9es par des codes couleurs sur les arbres et par des piquets. De plus, certaines exp\u00e9rimentations sont mat\u00e9rialis\u00e9es sur le terrain pour permettre un suivi sur le long terme. La liste ci-dessous d\u00e9crit l&rsquo;ensemble des objets utilis\u00e9s sur le terrain pour la mat\u00e9rialisation des limites et des exp\u00e9rimentations.\u00a0 Une version pdf est t\u00e9l\u00e9chargeable <a href=\"https:\/\/optmix.efno.fr\/wp-content\/uploads\/2018\/09\/20180927_Materialisation_experimentations_fr.pdf\">ici<\/a>.<\/p>\n<table style=\"border-collapse: collapse; width: 100%; height: 390px;\" border=\"1\">\n<tbody>\n<tr style=\"height: 39px;\">\n<td style=\"width: 24.8%; height: 39px;\"><a href=\"https:\/\/optmix.efno.fr\/wp-content\/uploads\/2018\/09\/etalonage-2018-9_small_materialisation_b.jpg\"><img decoding=\"async\" loading=\"lazy\" class=\"alignnone size-full wp-image-2082\" src=\"https:\/\/optmix.efno.fr\/wp-content\/uploads\/2018\/09\/etalonage-2018-9_small_materialisation_b.jpg\" alt=\"\" width=\"200\" height=\"239\" \/><\/a><\/td>\n<td style=\"width: 75.2%; height: 39px;\"><strong>Mat\u00e9rialisation<\/strong> : arbre avec un trait de peinture rose.<\/p>\n<p><strong>Description<\/strong> : arbre d\u00e9limitant le dispositif. L&rsquo;arbre peint en rose fait parti du dispositif.<\/td>\n<\/tr>\n<tr style=\"height: 39px;\">\n<td style=\"width: 24.8%; height: 39px;\"><a href=\"https:\/\/optmix.efno.fr\/wp-content\/uploads\/2018\/09\/etalonage-2018-5_small_materialisation_b.jpg\"><img decoding=\"async\" loading=\"lazy\" class=\"alignnone size-full wp-image-2078\" src=\"https:\/\/optmix.efno.fr\/wp-content\/uploads\/2018\/09\/etalonage-2018-5_small_materialisation_b.jpg\" alt=\"\" width=\"200\" height=\"261\" \/><\/a><\/td>\n<td style=\"width: 75.2%; height: 39px;\"><strong>Mat\u00e9rialisation<\/strong> : arbre avec un trait de peinture bleue.<\/p>\n<p><strong>Description<\/strong> : arbre d\u00e9limitant la placette de mesure. L&rsquo;arbre peint en bleu ne fait pas parti de la placette de mesure.<\/td>\n<\/tr>\n<tr style=\"height: 39px;\">\n<td style=\"width: 24.8%; height: 39px;\"><a href=\"https:\/\/optmix.efno.fr\/wp-content\/uploads\/2018\/09\/etalonage-2018-8_small_materialisation_b.jpg\"><img decoding=\"async\" loading=\"lazy\" class=\"alignnone size-full wp-image-2081\" src=\"https:\/\/optmix.efno.fr\/wp-content\/uploads\/2018\/09\/etalonage-2018-8_small_materialisation_b.jpg\" alt=\"\" width=\"200\" height=\"293\" \/><\/a><\/td>\n<td style=\"width: 75.2%; height: 39px;\"><strong>Mat\u00e9rialisation<\/strong> : arbre avec un trait de peinture blanche<\/p>\n<p><strong>Description<\/strong> : arbre d\u00e9limitant une modalit\u00e9 de densit\u00e9 du peuplement.<\/td>\n<\/tr>\n<tr style=\"height: 39px;\">\n<td style=\"width: 24.8%; height: 39px;\"><a href=\"https:\/\/optmix.efno.fr\/wp-content\/uploads\/2018\/09\/etalonage-2018-4_small_materialisation_b.jpg\"><img decoding=\"async\" loading=\"lazy\" class=\"alignnone size-full wp-image-2077\" src=\"https:\/\/optmix.efno.fr\/wp-content\/uploads\/2018\/09\/etalonage-2018-4_small_materialisation_b.jpg\" alt=\"\" width=\"200\" height=\"258\" \/><\/a><\/td>\n<td style=\"width: 75.2%; height: 39px;\"><strong>Mat\u00e9rialisation<\/strong> : arbre avec un trait de peinture jaune<\/p>\n<p><strong>Description<\/strong> : niveau de mesure utilis\u00e9 pour mesurer la circonf\u00e9rence lors des inventaire en plein. Arbre situ\u00e9 dans la placette de mesure.<\/p>\n<p><strong>Consigne<\/strong> : ne pas mettre en place un \u00e9quipement (capteur, mat\u00e9riel exp\u00e9rimental) sur l&rsquo;arbre emp\u00eachant la mesure de la circonf\u00e9rence au niveau du trait de mesure.<\/td>\n<\/tr>\n<tr>\n<td style=\"width: 24.8%;\"><a href=\"https:\/\/optmix.efno.fr\/wp-content\/uploads\/2018\/09\/etalonage-2018-7_small_materialisation_b.jpg\"><img decoding=\"async\" loading=\"lazy\" class=\"alignnone size-full wp-image-2080\" src=\"https:\/\/optmix.efno.fr\/wp-content\/uploads\/2018\/09\/etalonage-2018-7_small_materialisation_b.jpg\" alt=\"\" width=\"200\" height=\"258\" \/><\/a><\/td>\n<td style=\"width: 75.2%;\"><strong>Mat\u00e9rialisation<\/strong> : arbre avec un trait de peinture verte<\/p>\n<p><strong>Description<\/strong> : niveau de mesure utilis\u00e9 pour mesurer la circonf\u00e9rence lors des inventaire en plein. Arbre compl\u00e9mentaire situ\u00e9 dans la zone d&rsquo;isolement, hors de la placette de mesure.<\/p>\n<p><strong>Consigne<\/strong> : ne pas mettre en place un \u00e9quipement (capteur, mat\u00e9riel exp\u00e9rimental) sur l&rsquo;arbre emp\u00eachant la mesure de la circonf\u00e9rence au niveau du trait de mesure.<\/td>\n<\/tr>\n<tr>\n<td style=\"width: 24.8%;\"><a href=\"https:\/\/optmix.efno.fr\/wp-content\/uploads\/2018\/09\/etalonage-2018-1_small_materialisation_b.jpg\"><img decoding=\"async\" loading=\"lazy\" class=\"alignnone size-medium wp-image-2074\" src=\"https:\/\/optmix.efno.fr\/wp-content\/uploads\/2018\/09\/etalonage-2018-1_small_materialisation_b-180x300.jpg\" alt=\"\" width=\"180\" height=\"300\" srcset=\"https:\/\/optmix.efno.fr\/wp-content\/uploads\/2018\/09\/etalonage-2018-1_small_materialisation_b-180x300.jpg 180w, https:\/\/optmix.efno.fr\/wp-content\/uploads\/2018\/09\/etalonage-2018-1_small_materialisation_b.jpg 200w\" sizes=\"(max-width: 180px) 100vw, 180px\" \/><\/a><\/td>\n<td style=\"width: 75.2%;\"><strong>Mat\u00e9rialisation<\/strong> : arbre avec un point de peinture verte<\/p>\n<p><strong>Description<\/strong> : arbre portant un dendrom\u00e8tre pour mesurer la croissance intra-annuelle.<\/p>\n<p><strong>Consigne<\/strong> : prendre en compte cette contrainte lors de l&rsquo;\u00e9chantillonnage d&rsquo;une nouvelle exp\u00e9rimentation<\/td>\n<\/tr>\n<tr>\n<td style=\"width: 24.8%;\"><a href=\"https:\/\/optmix.efno.fr\/wp-content\/uploads\/2018\/09\/IMG_20180911_142830_1_small_materialisation_b.jpg\"><img decoding=\"async\" loading=\"lazy\" class=\"alignnone size-full wp-image-2073\" src=\"https:\/\/optmix.efno.fr\/wp-content\/uploads\/2018\/09\/IMG_20180911_142830_1_small_materialisation_b.jpg\" alt=\"\" width=\"200\" height=\"250\" \/><\/a><\/td>\n<td style=\"width: 75.2%;\"><strong>Mat\u00e9rialisation<\/strong> : arbre avec un point de peinture jaune<\/p>\n<p><strong>Description<\/strong> : arbre sur lequel sont effectu\u00e9s des inventaires des bryophytes. Les inventaires sont \u00e9galement fait jusqu&rsquo;\u00e0 1m autour de l&rsquo;arbre.<\/p>\n<p><strong>Consigne<\/strong> : ne pas enlever les bryophytes situ\u00e9es sur l&rsquo;\u00e9corce et autour de l&rsquo;arbre jusqu&rsquo;\u00e0 1m. Prendre en compte cette contrainte lors de l&rsquo;\u00e9chantillonnage d&rsquo;une nouvelle exp\u00e9rimentation. Exclure ces arbres lors d&rsquo;une nouvelle exp\u00e9rimentation si elle implique des mesures destructrices au niveau de l&rsquo;\u00e9corce ou au niveau du sol jusqu&rsquo;\u00e0 1 m autour de l&rsquo;arbre.<\/td>\n<\/tr>\n<tr style=\"height: 39px;\">\n<td style=\"width: 24.8%; height: 39px;\"><a href=\"https:\/\/optmix.efno.fr\/wp-content\/uploads\/2018\/09\/etalonage-2018-6_small_materialisation_b.jpg\"><img decoding=\"async\" loading=\"lazy\" class=\"alignnone size-medium wp-image-2079\" src=\"https:\/\/optmix.efno.fr\/wp-content\/uploads\/2018\/09\/etalonage-2018-6_small_materialisation_b-134x300.jpg\" alt=\"\" width=\"134\" height=\"300\" srcset=\"https:\/\/optmix.efno.fr\/wp-content\/uploads\/2018\/09\/etalonage-2018-6_small_materialisation_b-134x300.jpg 134w, https:\/\/optmix.efno.fr\/wp-content\/uploads\/2018\/09\/etalonage-2018-6_small_materialisation_b.jpg 200w\" sizes=\"(max-width: 134px) 100vw, 134px\" \/><\/a><\/td>\n<td style=\"width: 75.2%; height: 39px;\"><strong>Mat\u00e9rialisation<\/strong> : piquet en bois peint en bleu<\/p>\n<p><strong>Description<\/strong> : rep\u00e8re d\u00e9limitant le dispositif et les placettes de mesure.<\/p>\n<p><strong>Consigne<\/strong> : ne pas remettre le piquet en place si il a \u00e9t\u00e9 arrach\u00e9. Dans ce cas pr\u00e9venir votre correspondant OPTMix.<\/td>\n<\/tr>\n<tr style=\"height: 39px;\">\n<td style=\"width: 24.8%; height: 39px;\"><a href=\"https:\/\/optmix.efno.fr\/wp-content\/uploads\/2018\/09\/IMG_20180911_142804_small_materialisation_b.jpg\"><img decoding=\"async\" loading=\"lazy\" class=\"alignnone size-medium wp-image-2072\" src=\"https:\/\/optmix.efno.fr\/wp-content\/uploads\/2018\/09\/IMG_20180911_142804_small_materialisation_b-124x300.jpg\" alt=\"\" width=\"124\" height=\"300\" srcset=\"https:\/\/optmix.efno.fr\/wp-content\/uploads\/2018\/09\/IMG_20180911_142804_small_materialisation_b-124x300.jpg 124w, https:\/\/optmix.efno.fr\/wp-content\/uploads\/2018\/09\/IMG_20180911_142804_small_materialisation_b.jpg 200w\" sizes=\"(max-width: 124px) 100vw, 124px\" \/><\/a><\/td>\n<td style=\"width: 75.2%; height: 39px;\"><strong>Mat\u00e9rialisation<\/strong> : piquet en bois peint en jaune<\/p>\n<p><strong>Description<\/strong> : rep\u00e8re indiquant le centre d&rsquo;un placeau sur lequel sont effectu\u00e9s des inventaires floristiques. Le placeau est circulaire et fait 3.57 m de rayon.<\/p>\n<p><strong>Consigne<\/strong> : zone \u00e0 \u00e9viter lors des d\u00e9placements sur la placette de mesure.\u00a0 Zone \u00e0 exclure lors des d\u00e9placements r\u00e9currents sur la placette de mesure. Zone \u00e0 exclure lors de nouvelles exp\u00e9rimentations impliquant des mesures destructives au niveau du sol ou de la flore.<\/td>\n<\/tr>\n<tr style=\"height: 39px;\">\n<td style=\"width: 24.8%; height: 39px;\"><a href=\"https:\/\/optmix.efno.fr\/wp-content\/uploads\/2018\/09\/etalonage-2018-12_small_materialisation_b.jpg\"><img decoding=\"async\" loading=\"lazy\" class=\"alignnone size-medium wp-image-2084\" src=\"https:\/\/optmix.efno.fr\/wp-content\/uploads\/2018\/09\/etalonage-2018-12_small_materialisation_b-126x300.jpg\" alt=\"\" width=\"126\" height=\"300\" srcset=\"https:\/\/optmix.efno.fr\/wp-content\/uploads\/2018\/09\/etalonage-2018-12_small_materialisation_b-126x300.jpg 126w, https:\/\/optmix.efno.fr\/wp-content\/uploads\/2018\/09\/etalonage-2018-12_small_materialisation_b.jpg 200w\" sizes=\"(max-width: 126px) 100vw, 126px\" \/><\/a><\/td>\n<td style=\"width: 75.2%; height: 39px;\"><strong>Mat\u00e9rialisation<\/strong> : jalonnette bleue en plastique<\/p>\n<p><strong>Description<\/strong> : rep\u00e8re indiquant le centre d&rsquo;un placeau sur lequel sont effectu\u00e9s des inventaires de la r\u00e9g\u00e9n\u00e9ration. Le placeau est circulaire et fait 2 m de rayon.<\/p>\n<p><strong>Consigne<\/strong> : zone \u00e0 \u00e9viter lors des d\u00e9placements sur la placette de mesure.\u00a0 Zone \u00e0 exclure lors des d\u00e9placements r\u00e9currents sur la placette de mesure. Zone \u00e0 exclure lors de nouvelles exp\u00e9rimentations impliquant des mesures destructives au niveau du sol ou de la flore<\/td>\n<\/tr>\n<tr style=\"height: 39px;\">\n<td style=\"width: 24.8%; height: 39px;\"><a href=\"https:\/\/optmix.efno.fr\/wp-content\/uploads\/2018\/09\/etalonage-2018-2_small_materialisation_b.jpg\"><img decoding=\"async\" loading=\"lazy\" class=\"alignnone size-medium wp-image-2075\" src=\"https:\/\/optmix.efno.fr\/wp-content\/uploads\/2018\/09\/etalonage-2018-2_small_materialisation_b-143x300.jpg\" alt=\"\" width=\"143\" height=\"300\" srcset=\"https:\/\/optmix.efno.fr\/wp-content\/uploads\/2018\/09\/etalonage-2018-2_small_materialisation_b-143x300.jpg 143w, https:\/\/optmix.efno.fr\/wp-content\/uploads\/2018\/09\/etalonage-2018-2_small_materialisation_b.jpg 200w\" sizes=\"(max-width: 143px) 100vw, 143px\" \/><\/a><\/td>\n<td style=\"width: 75.2%; height: 39px;\"><strong>Mat\u00e9rialisation<\/strong> : piquet en bois peint en vert<\/p>\n<p><strong>Description<\/strong> : rep\u00e8re indiquant le centre d&rsquo;un placeau sur lequel sont effectu\u00e9s des inventaires des bryophytes. Le placeau est circulaire et fait 15 m de rayon.<\/p>\n<p><strong>Consigne<\/strong> : zone \u00e0 \u00e9viter lors des d\u00e9placements sur la placette de mesure.\u00a0 Zone \u00e0 exclure lors des d\u00e9placements r\u00e9currents sur la placette de mesure. Zone \u00e0 exclure lors de nouvelles exp\u00e9rimentations impliquant des mesures destructives au niveau du sol ou de la flore.<\/td>\n<\/tr>\n<tr style=\"height: 39px;\">\n<td style=\"width: 24.8%; height: 39px;\"><a href=\"https:\/\/optmix.efno.fr\/wp-content\/uploads\/2018\/09\/etalonage-2018-3_small_materialisation_b.jpg\"><img decoding=\"async\" loading=\"lazy\" class=\"alignnone size-medium wp-image-2076\" src=\"https:\/\/optmix.efno.fr\/wp-content\/uploads\/2018\/09\/etalonage-2018-3_small_materialisation_b-110x300.jpg\" alt=\"\" width=\"110\" height=\"300\" srcset=\"https:\/\/optmix.efno.fr\/wp-content\/uploads\/2018\/09\/etalonage-2018-3_small_materialisation_b-110x300.jpg 110w, https:\/\/optmix.efno.fr\/wp-content\/uploads\/2018\/09\/etalonage-2018-3_small_materialisation_b.jpg 200w\" sizes=\"(max-width: 110px) 100vw, 110px\" \/><\/a><\/td>\n<td style=\"width: 75.2%; height: 39px;\"><strong>Mat\u00e9rialisation<\/strong> : piquet en bois peint en orange<\/p>\n<p><strong>Description<\/strong> : rep\u00e8re indiquant le d\u00e9but ou la fin d&rsquo;un transect sur lequel sont r\u00e9alis\u00e9s des collectes de tique. Les transects font 10m de long et sont situ\u00e9s dans la zone d&rsquo;isolement, en dehors de la placette de mesure.<\/p>\n<p>&nbsp;<\/td>\n<\/tr>\n<tr style=\"height: 39px;\">\n<td style=\"width: 24.8%; height: 39px;\"><a href=\"https:\/\/optmix.efno.fr\/wp-content\/uploads\/2018\/09\/etalonage-2018-11_small_materialisation_b.jpg\"><img decoding=\"async\" loading=\"lazy\" class=\"alignnone size-medium wp-image-2083\" src=\"https:\/\/optmix.efno.fr\/wp-content\/uploads\/2018\/09\/etalonage-2018-11_small_materialisation_b-164x300.jpg\" alt=\"\" width=\"164\" height=\"300\" srcset=\"https:\/\/optmix.efno.fr\/wp-content\/uploads\/2018\/09\/etalonage-2018-11_small_materialisation_b-164x300.jpg 164w, https:\/\/optmix.efno.fr\/wp-content\/uploads\/2018\/09\/etalonage-2018-11_small_materialisation_b.jpg 200w\" sizes=\"(max-width: 164px) 100vw, 164px\" \/><\/a><\/td>\n<td style=\"width: 75.2%; height: 39px;\"><strong>Mat\u00e9rialisation<\/strong> : piquet en bois<\/p>\n<p><strong>Description<\/strong> : rep\u00e8re indiquant le front d&rsquo;une fosse o\u00f9 sont install\u00e9s des capteurs.<\/td>\n<\/tr>\n<\/tbody>\n<\/table>\n<p>&nbsp;<\/p>\n","protected":false},"excerpt":{"rendered":"<p>Les limites des dispositifs et des placettes sont mat\u00e9rialis\u00e9es par des codes couleurs sur les arbres et par des piquets. De plus, certaines exp\u00e9rimentations sont mat\u00e9rialis\u00e9es sur le terrain pour permettre un suivi sur le long terme. La liste ci-dessous d\u00e9crit l&rsquo;ensemble des objets utilis\u00e9s sur le terrain pour la mat\u00e9rialisation des limites et des &hellip; <\/p>\n<p><a class=\"more-link btn\" href=\"https:\/\/optmix.efno.fr\/?page_id=2056\">Lire la suite<\/a><\/p>\n","protected":false},"author":2,"featured_media":0,"parent":66,"menu_order":4,"comment_status":"closed","ping_status":"closed","template":"","meta":{"_mi_skip_tracking":false,"_exactmetrics_sitenote_active":false,"_exactmetrics_sitenote_note":"","_exactmetrics_sitenote_category":0,"footnotes":"","_mc_calendar":[]},"_links":{"self":[{"href":"https:\/\/optmix.efno.fr\/index.php?rest_route=\/wp\/v2\/pages\/2056"}],"collection":[{"href":"https:\/\/optmix.efno.fr\/index.php?rest_route=\/wp\/v2\/pages"}],"about":[{"href":"https:\/\/optmix.efno.fr\/index.php?rest_route=\/wp\/v2\/types\/page"}],"author":[{"embeddable":true,"href":"https:\/\/optmix.efno.fr\/index.php?rest_route=\/wp\/v2\/users\/2"}],"replies":[{"embeddable":true,"href":"https:\/\/optmix.efno.fr\/index.php?rest_route=%2Fwp%2Fv2%2Fcomments&post=2056"}],"version-history":[{"count":20,"href":"https:\/\/optmix.efno.fr\/index.php?rest_route=\/wp\/v2\/pages\/2056\/revisions"}],"predecessor-version":[{"id":2427,"href":"https:\/\/optmix.efno.fr\/index.php?rest_route=\/wp\/v2\/pages\/2056\/revisions\/2427"}],"up":[{"embeddable":true,"href":"https:\/\/optmix.efno.fr\/index.php?rest_route=\/wp\/v2\/pages\/66"}],"wp:attachment":[{"href":"https:\/\/optmix.efno.fr\/index.php?rest_route=%2Fwp%2Fv2%2Fmedia&parent=2056"}],"curies":[{"name":"wp","href":"https:\/\/api.w.org\/{rel}","templated":true}]}}