{"id":2954,"date":"2022-01-07T13:41:05","date_gmt":"2022-01-07T13:41:05","guid":{"rendered":"https:\/\/optmix.efno.fr\/?page_id=2954"},"modified":"2022-04-01T08:03:05","modified_gmt":"2022-04-01T08:03:05","slug":"charte-dutilisation-des-donnees-et-formulaire-de-demande-de-donnees","status":"publish","type":"page","link":"https:\/\/optmix.efno.fr\/?page_id=2954","title":{"rendered":"Charte d&rsquo;utilisation des donn\u00e9es et formulaires de demande de donn\u00e9es et d&rsquo;exp\u00e9rimentation"},"content":{"rendered":"<p>Vous trouverez ci-dessous la charte d&rsquo;utilisation des donn\u00e9es provenant du dispositif OPTMix ainsi qu&rsquo;un formulaire pour la demande de donn\u00e9es et la demande d&rsquo;exp\u00e9rimentation. Pour vous aider dans cette d\u00e9marche merci de contacter <a href=\"mailto:nathalie.korboulewsky@inrae.fr\">Nathalie Korboulewsky<\/a><\/p>\n<p><a href=\"https:\/\/optmix.efno.fr\/wp-content\/uploads\/2022\/04\/OPTMix_22_XX_Charte_FR_202220401.docx\" target=\"_blank\" rel=\"noopener\">Cliquer ici pour t\u00e9l\u00e9charger la charte d&rsquo;utilisation des donn\u00e9es et le formulaire de demande de donn\u00e9es en format Word<\/a><\/p>\n<p><a href=\"https:\/\/optmix.efno.fr\/wp-content\/uploads\/2022\/04\/OPTMix_22_XX_Charte_FR_202220401.pdf\" target=\"_blank\" rel=\"noopener\">Cliquer ici pour t\u00e9l\u00e9charger la charte d&rsquo;utilisation des donn\u00e9es et le formulaire de demande de donn\u00e9es en format pdf<\/a><\/p>\n<p>&nbsp;<\/p>\n","protected":false},"excerpt":{"rendered":"<p>Vous trouverez ci-dessous la charte d&rsquo;utilisation des donn\u00e9es provenant du dispositif OPTMix ainsi qu&rsquo;un formulaire pour la demande de donn\u00e9es et la demande d&rsquo;exp\u00e9rimentation. Pour vous aider dans cette d\u00e9marche merci de contacter Nathalie Korboulewsky Cliquer ici pour t\u00e9l\u00e9charger la charte d&rsquo;utilisation des donn\u00e9es et le formulaire de demande de donn\u00e9es en format Word Cliquer &hellip; <\/p>\n<p><a class=\"more-link btn\" href=\"https:\/\/optmix.efno.fr\/?page_id=2954\">Lire la suite<\/a><\/p>\n","protected":false},"author":2,"featured_media":0,"parent":25,"menu_order":7,"comment_status":"closed","ping_status":"closed","template":"","meta":{"_mi_skip_tracking":false,"_exactmetrics_sitenote_active":false,"_exactmetrics_sitenote_note":"","_exactmetrics_sitenote_category":0,"footnotes":"","_mc_calendar":[]},"_links":{"self":[{"href":"https:\/\/optmix.efno.fr\/index.php?rest_route=\/wp\/v2\/pages\/2954"}],"collection":[{"href":"https:\/\/optmix.efno.fr\/index.php?rest_route=\/wp\/v2\/pages"}],"about":[{"href":"https:\/\/optmix.efno.fr\/index.php?rest_route=\/wp\/v2\/types\/page"}],"author":[{"embeddable":true,"href":"https:\/\/optmix.efno.fr\/index.php?rest_route=\/wp\/v2\/users\/2"}],"replies":[{"embeddable":true,"href":"https:\/\/optmix.efno.fr\/index.php?rest_route=%2Fwp%2Fv2%2Fcomments&post=2954"}],"version-history":[{"count":14,"href":"https:\/\/optmix.efno.fr\/index.php?rest_route=\/wp\/v2\/pages\/2954\/revisions"}],"predecessor-version":[{"id":3082,"href":"https:\/\/optmix.efno.fr\/index.php?rest_route=\/wp\/v2\/pages\/2954\/revisions\/3082"}],"up":[{"embeddable":true,"href":"https:\/\/optmix.efno.fr\/index.php?rest_route=\/wp\/v2\/pages\/25"}],"wp:attachment":[{"href":"https:\/\/optmix.efno.fr\/index.php?rest_route=%2Fwp%2Fv2%2Fmedia&parent=2954"}],"curies":[{"name":"wp","href":"https:\/\/api.w.org\/{rel}","templated":true}]}}