{"id":858,"date":"2015-09-25T13:21:07","date_gmt":"2015-09-25T13:21:07","guid":{"rendered":"https:\/\/optmix.efno.fr\/?page_id=858"},"modified":"2015-09-25T13:26:10","modified_gmt":"2015-09-25T13:26:10","slug":"poster-vulgarise","status":"publish","type":"page","link":"https:\/\/optmix.efno.fr\/?page_id=858","title":{"rendered":"Mammif\u00e8res herbivores : Comment \u00e9tudier leurs effets sur la for\u00eat ? (poster vulgaris\u00e9)"},"content":{"rendered":"<p><a href=\"https:\/\/optmix.efno.fr\/wp-content\/uploads\/2015\/09\/poster_inauguration_faune.pdf\">Cliquer pour afficher le poster<\/a><\/p>\n","protected":false},"excerpt":{"rendered":"<p>Cliquer pour afficher le poster<\/p>\n","protected":false},"author":2,"featured_media":0,"parent":10,"menu_order":0,"comment_status":"closed","ping_status":"closed","template":"","meta":{"_mi_skip_tracking":false,"_exactmetrics_sitenote_active":false,"_exactmetrics_sitenote_note":"","_exactmetrics_sitenote_category":0,"footnotes":"","_mc_calendar":[]},"_links":{"self":[{"href":"https:\/\/optmix.efno.fr\/index.php?rest_route=\/wp\/v2\/pages\/858"}],"collection":[{"href":"https:\/\/optmix.efno.fr\/index.php?rest_route=\/wp\/v2\/pages"}],"about":[{"href":"https:\/\/optmix.efno.fr\/index.php?rest_route=\/wp\/v2\/types\/page"}],"author":[{"embeddable":true,"href":"https:\/\/optmix.efno.fr\/index.php?rest_route=\/wp\/v2\/users\/2"}],"replies":[{"embeddable":true,"href":"https:\/\/optmix.efno.fr\/index.php?rest_route=%2Fwp%2Fv2%2Fcomments&post=858"}],"version-history":[{"count":2,"href":"https:\/\/optmix.efno.fr\/index.php?rest_route=\/wp\/v2\/pages\/858\/revisions"}],"predecessor-version":[{"id":866,"href":"https:\/\/optmix.efno.fr\/index.php?rest_route=\/wp\/v2\/pages\/858\/revisions\/866"}],"up":[{"embeddable":true,"href":"https:\/\/optmix.efno.fr\/index.php?rest_route=\/wp\/v2\/pages\/10"}],"wp:attachment":[{"href":"https:\/\/optmix.efno.fr\/index.php?rest_route=%2Fwp%2Fv2%2Fmedia&parent=858"}],"curies":[{"name":"wp","href":"https:\/\/api.w.org\/{rel}","templated":true}]}}