{"id":908,"date":"2015-11-03T13:47:58","date_gmt":"2015-11-03T13:47:58","guid":{"rendered":"https:\/\/optmix.efno.fr\/?page_id=908"},"modified":"2015-11-03T14:16:05","modified_gmt":"2015-11-03T14:16:05","slug":"radio","status":"publish","type":"page","link":"https:\/\/optmix.efno.fr\/?page_id=908","title":{"rendered":"Radio"},"content":{"rendered":"<p><!--more--><\/p>\n<ul>\n<li>Emission RTL \u00ab\u00a0Terre d&rsquo;inovations\u00a0\u00bb du 27 octobre 2015 : <a href=\"http:\/\/www.rtl.fr\/actu\/sciences-environnement\/une-foret-pres-d-orleans-placee-sous-haute-surveillance-7780268785\" target=\"_blank\">\u00ab\u00a0Une for\u00eat pr\u00e8s d&rsquo;Orl\u00e9ans plac\u00e9e sous haute surveillance\u00a0\u00bb<\/a> (cliquer pour r\u00e9\u00e9couter l&rsquo;\u00e9mission)<\/li>\n<\/ul>\n","protected":false},"excerpt":{"rendered":"","protected":false},"author":2,"featured_media":0,"parent":900,"menu_order":1,"comment_status":"closed","ping_status":"closed","template":"","meta":{"_mi_skip_tracking":false,"_exactmetrics_sitenote_active":false,"_exactmetrics_sitenote_note":"","_exactmetrics_sitenote_category":0,"footnotes":"","_mc_calendar":[]},"_links":{"self":[{"href":"https:\/\/optmix.efno.fr\/index.php?rest_route=\/wp\/v2\/pages\/908"}],"collection":[{"href":"https:\/\/optmix.efno.fr\/index.php?rest_route=\/wp\/v2\/pages"}],"about":[{"href":"https:\/\/optmix.efno.fr\/index.php?rest_route=\/wp\/v2\/types\/page"}],"author":[{"embeddable":true,"href":"https:\/\/optmix.efno.fr\/index.php?rest_route=\/wp\/v2\/users\/2"}],"replies":[{"embeddable":true,"href":"https:\/\/optmix.efno.fr\/index.php?rest_route=%2Fwp%2Fv2%2Fcomments&post=908"}],"version-history":[{"count":6,"href":"https:\/\/optmix.efno.fr\/index.php?rest_route=\/wp\/v2\/pages\/908\/revisions"}],"predecessor-version":[{"id":922,"href":"https:\/\/optmix.efno.fr\/index.php?rest_route=\/wp\/v2\/pages\/908\/revisions\/922"}],"up":[{"embeddable":true,"href":"https:\/\/optmix.efno.fr\/index.php?rest_route=\/wp\/v2\/pages\/900"}],"wp:attachment":[{"href":"https:\/\/optmix.efno.fr\/index.php?rest_route=%2Fwp%2Fv2%2Fmedia&parent=908"}],"curies":[{"name":"wp","href":"https:\/\/api.w.org\/{rel}","templated":true}]}}